{"id":192613,"date":"2026-05-16T12:16:53","date_gmt":"2026-05-16T09:16:53","guid":{"rendered":"https:\/\/kingarms.ee\/product\/walther-lp500-e-meister-manufaktur-blue\/"},"modified":"2026-05-16T12:16:53","modified_gmt":"2026-05-16T09:16:53","slug":"walther-lp500-e-meister-manufaktur-blue","status":"publish","type":"product","link":"https:\/\/kingarms.ee\/lv\/product\/walther-lp500-e-meister-manufaktur-blue\/","title":{"rendered":"Walther LP500-E Meister Manufaktur Blue"},"content":{"rendered":"","protected":false},"excerpt":{"rendered":"<p data-start=\"288\" data-end=\"966\">Walther LP500-E Meister Manufaktur Blue, zin\u0101ma ar\u012b k\u0101 LP500 Finest Craftsmanship, ir augst\u0101k\u0101s klases PCP match pneimatisk\u0101 pistole un cien\u012bgs Walther LP400 mode\u013cu p\u0113ctecis. LP500 s\u0113rijas standarta apr\u012bkojum\u0101 ietilpst match stobrs ar kompensatoru, absorbers, saus\u0101 \u0161\u0101viena re\u017e\u012bms, saddle breech sist\u0113ma, alum\u012bnija\u2013oglek\u013ca kompoz\u012bta cilindrs, pagrie\u017eams t\u0113m\u0113klis, 10 g INLINE atsvars, 3D mar\u0137\u0113jums, k\u0101 ar\u012b bezpak\u0101pju regul\u0113jams aizmugur\u0113jais t\u0113m\u0113klis p\u0113c platuma un dzi\u013cuma kop\u0101 ar pagrie\u017eamu priek\u0161\u0113jo t\u0113m\u0113kli. Modelis darbojas ar 200 bar PCP sist\u0113mu, ir 4,5 mm (.177) kalibr\u0101, ar 7,5 J ener\u0123iju, 221 mm stobra garumu, 420 mm kop\u0113jo garumu un 340\u2013400 mm regul\u0113jamu t\u0113m\u0113\u0161anas l\u012bniju.  <\/p>\n<p data-start=\"968\" data-end=\"1727\">Walther LP500-E Meister Manufaktur Blue ir paredz\u0113ta \u0161\u0101v\u0113jam, kuram nepiecie\u0161ama maksim\u0101la individu\u0101l\u0101 regul\u0113\u0161ana, stabilit\u0101te un \u012bpa\u0161i t\u012bra spr\u016bda darb\u012bba. 5D rokturis \u013cauj bezpak\u0101pju veid\u0101 regul\u0113t satv\u0113riena apjomu, lai pistoli var\u0113tu prec\u012bzi piel\u0101got \u0161\u0101v\u0113ja rokai un v\u0113lm\u0113m; M un L izm\u0113ri ir iek\u013cauti vien\u0101 risin\u0101jum\u0101. Meister Manufaktur Blue versijai ir GOLD stobrs ar alum\u012bnija stobra apvalku, stabilizators, Vario spr\u016bds ar maksim\u0101l\u0101m regul\u0113\u0161anas iesp\u0113j\u0101m un X-Change spr\u016bda modulis ar elektronisko spr\u016bdu, kuru iesp\u0113jams nomain\u012bt pret meh\u0101nisko. Pistole sver 950 g, tai ir melni zila apdare, un konstrukcij\u0101 izmantots alum\u012bnijs un sint\u0113tiskie materi\u0101li. Komplekt\u0101 ietilpst kabe\u013ci, koferis, t\u012br\u012b\u0161anas komplekts, papildu cilindrs, uzpildes adapteris un instrumenti.    <\/p>\n","protected":false},"featured_media":192608,"template":"","meta":{"_acf_changed":false},"product_brand":[],"product_cat":[1004,1008],"product_tag":[],"class_list":{"0":"post-192613","1":"product","2":"type-product","3":"status-publish","4":"has-post-thumbnail","6":"product_cat-lidmasinas","7":"product_cat-pcp-hpa","9":"first","10":"instock","11":"taxable","12":"shipping-taxable","13":"purchasable","14":"product-type-simple"},"acf":[],"_links":{"self":[{"href":"https:\/\/kingarms.ee\/lv\/wp-json\/wp\/v2\/product\/192613","targetHints":{"allow":["GET"]}}],"collection":[{"href":"https:\/\/kingarms.ee\/lv\/wp-json\/wp\/v2\/product"}],"about":[{"href":"https:\/\/kingarms.ee\/lv\/wp-json\/wp\/v2\/types\/product"}],"wp:featuredmedia":[{"embeddable":true,"href":"https:\/\/kingarms.ee\/lv\/wp-json\/wp\/v2\/media\/192608"}],"wp:attachment":[{"href":"https:\/\/kingarms.ee\/lv\/wp-json\/wp\/v2\/media?parent=192613"}],"wp:term":[{"taxonomy":"product_brand","embeddable":true,"href":"https:\/\/kingarms.ee\/lv\/wp-json\/wp\/v2\/product_brand?post=192613"},{"taxonomy":"product_cat","embeddable":true,"href":"https:\/\/kingarms.ee\/lv\/wp-json\/wp\/v2\/product_cat?post=192613"},{"taxonomy":"product_tag","embeddable":true,"href":"https:\/\/kingarms.ee\/lv\/wp-json\/wp\/v2\/product_tag?post=192613"}],"curies":[{"name":"wp","href":"https:\/\/api.w.org\/{rel}","templated":true}]}}