{"id":150398,"date":"2024-03-06T16:51:29","date_gmt":"2025-06-07T11:01:28","guid":{"rendered":"https:\/\/kingarms.ee\/product\/%d0%bc%d0%b0%d0%ba%d0%b0%d1%80%d0%be%d0%b2-%d0%bc%d0%bf-654-%d0%b1%d0%b0%d0%b9%d0%ba%d0%b0%d0%bb\/"},"modified":"2025-06-07T14:01:28","modified_gmt":"2025-06-07T11:01:28","slug":"%d0%bc%d0%b0%d0%ba%d0%b0%d1%80%d0%be%d0%b2-%d0%bc%d0%bf-654-%d0%b1%d0%b0%d0%b9%d0%ba%d0%b0%d0%bb","status":"publish","type":"product","link":"https:\/\/kingarms.ee\/ru\/product\/%d0%bc%d0%b0%d0%ba%d0%b0%d1%80%d0%be%d0%b2-%d0%bc%d0%bf-654-%d0%b1%d0%b0%d0%b9%d0%ba%d0%b0%d0%bb\/","title":{"rendered":"\u041c\u0430\u043a\u0430\u0440\u043e\u0432 \u041c\u041f-654 (\u0411\u0430\u0439\u043a\u0430\u043b"},"content":{"rendered":"<p><img loading=\"lazy\" decoding=\"async\" class=\"alignnone size-full wp-image-99452\" src=\"https:\/\/kingarms.ee\/wp-content\/uploads\/2024\/03\/MP654K-88_BAIKAL_00000.jpg\" alt=\"\" width=\"1861\" height=\"1460\" srcset=\"https:\/\/kingarms.ee\/wp-content\/uploads\/2024\/03\/MP654K-88_BAIKAL_00000.jpg 1861w, https:\/\/kingarms.ee\/wp-content\/uploads\/2024\/03\/MP654K-88_BAIKAL_00000-300x235.jpg 300w, https:\/\/kingarms.ee\/wp-content\/uploads\/2024\/03\/MP654K-88_BAIKAL_00000-1024x803.jpg 1024w, https:\/\/kingarms.ee\/wp-content\/uploads\/2024\/03\/MP654K-88_BAIKAL_00000-768x603.jpg 768w, https:\/\/kingarms.ee\/wp-content\/uploads\/2024\/03\/MP654K-88_BAIKAL_00000-1536x1205.jpg 1536w, https:\/\/kingarms.ee\/wp-content\/uploads\/2024\/03\/MP654K-88_BAIKAL_00000-500x392.jpg 500w, https:\/\/kingarms.ee\/wp-content\/uploads\/2024\/03\/MP654K-88_BAIKAL_00000-150x118.jpg 150w\" sizes=\"auto, (max-width: 1861px) 100vw, 1861px\" \/><\/p>\n","protected":false},"excerpt":{"rendered":"<p>\u041c\u0430\u043a\u0430\u0440\u043e\u0432 \u041c\u041f-654 (\u0411\u0430\u0439\u043a\u0430\u043b<\/p>\n<p><b>\u041f\u0438\u0441\u0442\u043e\u043b\u0435\u0442 \u041c\u0430\u043a\u0430\u0440\u043e\u0432\u0430<\/b> \u0438\u043b\u0438 <b>\u041f\u041c<\/b> (\u0440\u0443\u0441\u0441\u043a\u0438\u0439: <span lang=\"ru\">\u041f\u0438\u0441\u0442\u043e\u043b\u0435\u0442 \u041c\u0430\u043a\u0430\u0440\u043e\u0432\u0430<\/span>, <i><b>\u041f\u0438\u0441\u0442\u043e\u043b\u0435\u0442<\/b> <b>\u041c\u0430\u043a\u0430\u0440\u043e\u0432\u0430<\/b><\/i>) &#8211; \u0438\u0437\u043d\u0430\u0447\u0430\u043b\u044c\u043d\u043e \u0440\u043e\u0441\u0441\u0438\u0439\u0441\u043a\u0438\u0439 \u043f\u043e\u043b\u0443\u0430\u0432\u0442\u043e\u043c\u0430\u0442\u0438\u0447\u0435\u0441\u043a\u0438\u0439 \u043f\u0438\u0441\u0442\u043e\u043b\u0435\u0442. \u0420\u0430\u0437\u0440\u0430\u0431\u043e\u0442\u043a\u043e\u0439 \u043f\u0438\u0441\u0442\u043e\u043b\u0435\u0442\u0430 \u0440\u0443\u043a\u043e\u0432\u043e\u0434\u0438\u043b \u041d\u0438\u043a\u043e\u043b\u0430\u0439 \u0424\u0435\u0434\u043e\u0440\u043e\u0432\u0438\u0447 \u041c\u0430\u043a\u0430\u0440\u043e\u0432, \u0438 \u043e\u043d \u0441\u0442\u0430\u043b \u0441\u0442\u0430\u043d\u0434\u0430\u0440\u0442\u043d\u044b\u043c \u0440\u0443\u0447\u043d\u044b\u043c \u043e\u0433\u043d\u0435\u0441\u0442\u0440\u0435\u043b\u044c\u043d\u044b\u043c \u043e\u0440\u0443\u0436\u0438\u0435\u043c \u0441\u043e\u0432\u0435\u0442\u0441\u043a\u0438\u0445 \u0432\u043e\u0435\u043d\u043d\u044b\u0445 \u0438 \u043c\u0438\u043b\u0438\u0446\u0438\u0438 \u0441 1951 \u043f\u043e 1991 \u0433\u0433. \u041e\u0440\u0443\u0436\u0438\u0435, \u043f\u0440\u043e\u0434\u0430\u0432\u0430\u0435\u043c\u043e\u0435 \u043a\u043e\u043c\u043f\u0430\u043d\u0438\u0435\u0439 KingArms, &#8211; \u044d\u0442\u043e \u0432\u0435\u0440\u0441\u0438\u044f \u043f\u043d\u0435\u0432\u043c\u0430\u0442\u0438\u0447\u0435\u0441\u043a\u043e\u0439 \u0432\u0438\u043d\u0442\u043e\u0432\u043a\u0438 \u0441 \u043e\u0442\u0434\u0430\u0447\u0435\u0439 4,5 \u043c\u043c (Double Action), \u043a\u043e\u0442\u043e\u0440\u0430\u044f \u044f\u0432\u043b\u044f\u0435\u0442\u0441\u044f \u0442\u043e\u0447\u043d\u043e\u0439 \u043a\u043e\u043f\u0438\u0435\u0439 \u0437\u043d\u0430\u043c\u0435\u043d\u0438\u0442\u043e\u0433\u043e \u043f\u0438\u0441\u0442\u043e\u043b\u0435\u0442\u0430.<\/p>\n<p>T\u00f6\u00f6re\u017eiim: poolautomaatne<br \/>\nKaliiber: 4,5 mm (.177)<br \/>\nKere materjal: metallisulam<br \/>\nKuulid: 4,5 mm terashaavlid<br \/>\nSalve maht: 15 kuuli<br \/>\nEnergia: &lt; 3,0 J<br \/>\nV\u00e4ljalaskekiirus: 127 m\/s<br \/>\nKaal: 780 g<\/p>\n","protected":false},"featured_media":99455,"template":"","meta":{"_acf_changed":false},"product_brand":[],"product_cat":[723],"product_tag":[],"class_list":{"0":"post-150398","1":"product","2":"type-product","3":"status-publish","4":"has-post-thumbnail","6":"product_cat-723","8":"first","9":"instock","10":"sale","11":"taxable","12":"shipping-taxable","13":"purchasable","14":"product-type-simple"},"acf":[],"_links":{"self":[{"href":"https:\/\/kingarms.ee\/ru\/wp-json\/wp\/v2\/product\/150398","targetHints":{"allow":["GET"]}}],"collection":[{"href":"https:\/\/kingarms.ee\/ru\/wp-json\/wp\/v2\/product"}],"about":[{"href":"https:\/\/kingarms.ee\/ru\/wp-json\/wp\/v2\/types\/product"}],"wp:featuredmedia":[{"embeddable":true,"href":"https:\/\/kingarms.ee\/ru\/wp-json\/wp\/v2\/media\/99455"}],"wp:attachment":[{"href":"https:\/\/kingarms.ee\/ru\/wp-json\/wp\/v2\/media?parent=150398"}],"wp:term":[{"taxonomy":"product_brand","embeddable":true,"href":"https:\/\/kingarms.ee\/ru\/wp-json\/wp\/v2\/product_brand?post=150398"},{"taxonomy":"product_cat","embeddable":true,"href":"https:\/\/kingarms.ee\/ru\/wp-json\/wp\/v2\/product_cat?post=150398"},{"taxonomy":"product_tag","embeddable":true,"href":"https:\/\/kingarms.ee\/ru\/wp-json\/wp\/v2\/product_tag?post=150398"}],"curies":[{"name":"wp","href":"https:\/\/api.w.org\/{rel}","templated":true}]}}