{"id":61727,"date":"2022-09-20T15:54:05","date_gmt":"2022-09-20T12:57:30","guid":{"rendered":"https:\/\/kingarms.ee\/product\/%d1%82%d0%b5%d0%bf%d0%bb%d0%be%d0%b2%d0%b8%d0%b7%d0%be%d1%80-hikvision-lynx-c06\/"},"modified":"2023-09-05T13:34:40","modified_gmt":"2023-09-05T10:34:40","slug":"%d1%82%d0%b5%d1%80%d0%bc%d0%be%d0%ba%d0%b0%d0%bc%d0%b5%d1%80%d0%b0-hikvision-lynx-c06","status":"publish","type":"product","link":"https:\/\/kingarms.ee\/ru\/product\/%d1%82%d0%b5%d1%80%d0%bc%d0%be%d0%ba%d0%b0%d0%bc%d0%b5%d1%80%d0%b0-hikvision-lynx-c06\/","title":{"rendered":"\u0422\u0435\u043f\u043b\u043e\u0432\u0438\u0437\u043e\u0440 HIKVISION Lynx C06"},"content":{"rendered":"<p><img loading=\"lazy\" decoding=\"async\" class=\"alignnone size-medium wp-image-61713\" src=\"https:\/\/kingarms.ee\/wp-content\/uploads\/2022\/09\/kamera-termowizyjna-termowizor-hikmicro-by-hikvision-lynx-c06-699b02dd777e4f69b34fe3b4cfd9b241-91abfef5-300x300.jpeg\" alt=\"\" width=\"300\" height=\"300\" srcset=\"https:\/\/kingarms.ee\/wp-content\/uploads\/2022\/09\/kamera-termowizyjna-termowizor-hikmicro-by-hikvision-lynx-c06-699b02dd777e4f69b34fe3b4cfd9b241-91abfef5-300x300.jpeg 300w, https:\/\/kingarms.ee\/wp-content\/uploads\/2022\/09\/kamera-termowizyjna-termowizor-hikmicro-by-hikvision-lynx-c06-699b02dd777e4f69b34fe3b4cfd9b241-91abfef5-150x150.jpeg 150w, https:\/\/kingarms.ee\/wp-content\/uploads\/2022\/09\/kamera-termowizyjna-termowizor-hikmicro-by-hikvision-lynx-c06-699b02dd777e4f69b34fe3b4cfd9b241-91abfef5-768x768.jpeg 768w, https:\/\/kingarms.ee\/wp-content\/uploads\/2022\/09\/kamera-termowizyjna-termowizor-hikmicro-by-hikvision-lynx-c06-699b02dd777e4f69b34fe3b4cfd9b241-91abfef5-500x500.jpeg 500w, https:\/\/kingarms.ee\/wp-content\/uploads\/2022\/09\/kamera-termowizyjna-termowizor-hikmicro-by-hikvision-lynx-c06-699b02dd777e4f69b34fe3b4cfd9b241-91abfef5.jpeg 900w\" sizes=\"auto, (max-width: 300px) 100vw, 300px\" \/><\/p>\n","protected":false},"excerpt":{"rendered":"<p>\u0422\u0435\u043f\u043b\u043e\u0432\u0438\u0437\u043e\u0440 HIKVISION Lynx C06<\/p>\n<p>\u041d\u0435\u0431\u043e\u043b\u044c\u0448\u0430\u044f \u0442\u0435\u043f\u043b\u043e\u0432\u0438\u0437\u0438\u043e\u043d\u043d\u0430\u044f \u043c\u043e\u043d\u043e\u043a\u0443\u043b\u044f\u0440\u043d\u0430\u044f \u043a\u0430\u043c\u0435\u0440\u0430 HIKMICRO Lynx LC06 \u043e\u0442 HikVision, \u043a\u0440\u0443\u043f\u043d\u0435\u0439\u0448\u0435\u0433\u043e \u0432 \u043c\u0438\u0440\u0435 \u043f\u0440\u043e\u0438\u0437\u0432\u043e\u0434\u0438\u0442\u0435\u043b\u044f \u043a\u0430\u043c\u0435\u0440 \u0432\u0438\u0434\u0435\u043e\u043d\u0430\u0431\u043b\u044e\u0434\u0435\u043d\u0438\u044f \u0438 \u0441\u0438\u0441\u0442\u0435\u043c \u0431\u0435\u0437\u043e\u043f\u0430\u0441\u043d\u043e\u0441\u0442\u0438.<\/p>\n<p>&#8211; \u0427\u0443\u0432\u0441\u0442\u0432\u0438\u0442\u0435\u043b\u044c\u043d\u044b\u0439 \u0434\u0430\u0442\u0447\u0438\u043a 160\u00d7120, 17 \u043c\u043a\u043c \u043e\u0431\u0435\u0441\u043f\u0435\u0447\u0438\u0432\u0430\u0435\u0442 \u0445\u043e\u0440\u043e\u0448\u0435\u0435 \u0438\u0437\u043e\u0431\u0440\u0430\u0436\u0435\u043d\u0438\u0435.<br \/>\n&#8211; \u0414\u0430\u043b\u044c\u043d\u043e\u0441\u0442\u044c \u0434\u0435\u0439\u0441\u0442\u0432\u0438\u044f \u0442\u0435\u043f\u043b\u043e\u0432\u0438\u0437\u0438\u043e\u043d\u043d\u043e\u0439 \u043a\u0430\u043c\u0435\u0440\u044b \u0441\u043e\u0441\u0442\u0430\u0432\u043b\u044f\u0435\u0442 \u0434\u043e 219 \u043c\u0435\u0442\u0440\u043e\u0432.<br \/>\n&#8211; \u0421 \u043f\u043e\u043c\u043e\u0449\u044c\u044e \u043f\u0440\u0438\u043b\u043e\u0436\u0435\u043d\u0438\u044f T-Vision \u0441\u043c\u0430\u0440\u0442-\u0443\u0441\u0442\u0440\u043e\u0439\u0441\u0442\u0432\u043e \u043c\u043e\u0436\u043d\u043e \u0438\u0441\u043f\u043e\u043b\u044c\u0437\u043e\u0432\u0430\u0442\u044c \u0432 \u043a\u0430\u0447\u0435\u0441\u0442\u0432\u0435 \u0432\u043d\u0435\u0448\u043d\u0435\u0433\u043e \u0434\u0438\u0441\u043f\u043b\u0435\u044f.<\/p>\n<p>\u0414\u0430\u0442\u0447\u0438\u043a: \u043d\u0435\u043e\u0445\u043b\u0430\u0436\u0434\u0430\u0435\u043c\u044b\u0435 \u0444\u043e\u043a\u0430\u043b\u044c\u043d\u044b\u0435 \u0440\u0435\u0448\u0435\u0442\u043a\u0438 VOx<br \/>\n\u0420\u0430\u0437\u0440\u0435\u0448\u0435\u043d\u0438\u0435: 160 \u00d7 120<br \/>\n\u0413\u0446: 50 \u0413\u0446<br \/>\n\u0420\u0430\u0437\u043c\u0435\u0440 \u043f\u0438\u043a\u0441\u0435\u043b\u044f: 17 \u043c\u043a\u043c<br \/>\n\u0434\u043b\u0438\u043d\u0430 \u0432\u043e\u043b\u043d\u044b: 8 \u043c\u043a\u043c &#8211; 14 \u043c\u043a\u043c<br \/>\nNETD: \u043c\u0435\u043d\u0435\u0435 35 \u043c\u041a (@ 25\u00b0C, F# = 1.1)<br \/>\n\u0424\u043e\u043a\u0443\u0441\u043d\u043e\u0435 \u0440\u0430\u0441\u0441\u0442\u043e\u044f\u043d\u0438\u0435: 6,2 \u043c\u043c<br \/>\nIFOV: 2,74 \u043c\u0440\u0430\u0434 \u0423\u0433\u043e\u043b \u043d\u0430\u043a\u043b\u043e\u043d\u0430<br \/>\n\u041f\u043e\u043b\u0435 \u0437\u0440\u0435\u043d\u0438\u044f: 24,7\u00b0 \u00d7 18,7\u00b0 (\u0412 \u00d7 \u0428)<br \/>\n\u0414\u0438\u0430\u0444\u0440\u0430\u0433\u043c\u0430: F1.1<br \/>\n\u0423\u0432\u0435\u043b\u0438\u0447\u0435\u043d\u0438\u0435: \u043e\u0442 0,6 \u0434\u043e 2,4<br \/>\n\u041d\u0430\u043f\u0440\u044f\u0436\u0435\u043d\u0438\u0435 \u0437\u0430\u0440\u044f\u0434\u043a\u0438: 5 \u0412 \u043f\u043e\u0441\u0442\u043e\u044f\u043d\u043d\u043e\u0433\u043e \u0442\u043e\u043a\u0430 \/ 2 A, 1,5 \u0412\u0442, USB Type-C<br \/>\n\u0420\u0430\u0431\u043e\u0447\u0430\u044f \u0442\u0435\u043c\u043f\u0435\u0440\u0430\u0442\u0443\u0440\u0430: \u043e\u0442 -20\u00b0C \u0434\u043e 55\u00b0C<br \/>\n\u041a\u043b\u0430\u0441\u0441 \u0437\u0430\u0449\u0438\u0442\u044b: IP67<br \/>\n\u0420\u0430\u0437\u043c\u0435\u0440\u044b: 158,3\u00d761\u00d757 \u043c\u043c<br \/>\n\u0412\u0435\u0441: 250 \u0433<\/p>\n<p>\u041f\u0435\u0440\u0435\u0437\u0430\u0440\u044f\u0436\u0430\u0435\u043c\u0430\u044f \u043b\u0438\u0442\u0438\u0439-\u0438\u043e\u043d\u043d\u0430\u044f \u0431\u0430\u0442\u0430\u0440\u0435\u044f<br \/>\n\u0412\u0440\u0435\u043c\u044f \u0440\u0430\u0431\u043e\u0442\u044b: 10 \u0447\u0430\u0441\u043e\u0432 (@ 25\u00b0C) 7,5 \u0447\u0430\u0441\u043e\u0432 \u0441 \u0442\u043e\u0447\u043a\u043e\u0439 \u0434\u043e\u0441\u0442\u0443\u043f\u0430 Wi-Fi.<br \/>\nSD-\u043a\u0430\u0440\u0442\u0430: \u0432\u0441\u0442\u0440\u043e\u0435\u043d\u043d\u0430\u044f (8 \u0413\u0411)<br \/>\n\u0417\u0430\u043f\u0438\u0441\u044c: \u0444\u043e\u0442\u043e\u0433\u0440\u0430\u0444\u0438\u0438 \u0438 \u0432\u0438\u0434\u0435\u043e<br \/>\nWi-Fi: \u0434\u0430<br \/>\n\u0420\u0435\u0436\u0438\u043c \u043e\u0436\u0438\u0434\u0430\u043d\u0438\u044f: \u0434\u0430<br \/>\n\u0414\u0438\u0441\u043f\u043b\u0435\u0439: 0,2\u2033 LCOS, 720 \u00d7 540 \u0446\u0432\u0435\u0442\u043e\u0432<br \/>\n\u0421\u0430\u043b\u044c\u043d\u0438\u043a: \u0431\u0435\u043b\u044b\u0439 \u0433\u043e\u0440\u044f\u0447\u0438\u0439, \u0447\u0435\u0440\u043d\u044b\u0439 \u0433\u043e\u0440\u044f\u0447\u0438\u0439, \u043a\u0440\u0430\u0441\u043d\u044b\u0439 \u0433\u043e\u0440\u044f\u0447\u0438\u0439, \u043f\u043b\u0430\u0432\u043b\u0435\u043d\u044b\u0439<br \/>\n\u0421\u043f\u0443\u0441\u043a: \u0430\u0432\u0442\u043e\u043c\u0430\u0442\u0438\u0447\u0435\u0441\u043a\u0438\u0439, \u0440\u0443\u0447\u043d\u043e\u0439, \u0432\u043d\u0435\u0448\u043d\u0438\u0439<br \/>\n\u0426\u0438\u0444\u0440\u043e\u0432\u043e\u0435 \u0443\u0432\u0435\u043b\u0438\u0447\u0435\u043d\u0438\u0435: 1 \u00d7, 2 \u00d7, 4 \u00d7<br \/>\n\u0413\u043e\u0440\u044f\u0447\u0438\u0439 \u0442\u0440\u0435\u043a: \u0434\u0430<\/p>\n","protected":false},"featured_media":61716,"template":"","meta":{"_acf_changed":false},"product_brand":[],"product_cat":[511],"product_tag":[],"class_list":{"0":"post-61727","1":"product","2":"type-product","3":"status-publish","4":"has-post-thumbnail","6":"product_cat-511","8":"first","9":"onbackorder","10":"taxable","11":"shipping-taxable","12":"product-type-simple"},"acf":[],"_links":{"self":[{"href":"https:\/\/kingarms.ee\/ru\/wp-json\/wp\/v2\/product\/61727","targetHints":{"allow":["GET"]}}],"collection":[{"href":"https:\/\/kingarms.ee\/ru\/wp-json\/wp\/v2\/product"}],"about":[{"href":"https:\/\/kingarms.ee\/ru\/wp-json\/wp\/v2\/types\/product"}],"wp:featuredmedia":[{"embeddable":true,"href":"https:\/\/kingarms.ee\/ru\/wp-json\/wp\/v2\/media\/61716"}],"wp:attachment":[{"href":"https:\/\/kingarms.ee\/ru\/wp-json\/wp\/v2\/media?parent=61727"}],"wp:term":[{"taxonomy":"product_brand","embeddable":true,"href":"https:\/\/kingarms.ee\/ru\/wp-json\/wp\/v2\/product_brand?post=61727"},{"taxonomy":"product_cat","embeddable":true,"href":"https:\/\/kingarms.ee\/ru\/wp-json\/wp\/v2\/product_cat?post=61727"},{"taxonomy":"product_tag","embeddable":true,"href":"https:\/\/kingarms.ee\/ru\/wp-json\/wp\/v2\/product_tag?post=61727"}],"curies":[{"name":"wp","href":"https:\/\/api.w.org\/{rel}","templated":true}]}}